{"id":2,"date":"2022-07-26T14:46:47","date_gmt":"2022-07-26T14:46:47","guid":{"rendered":"https:\/\/castella.qodeinteractive.com\/?page_id=2"},"modified":"2025-02-13T09:49:09","modified_gmt":"2025-02-13T09:49:09","slug":"blog","status":"publish","type":"page","link":"https:\/\/lailusionperfecta.com\/index.php\/blog\/","title":{"rendered":"Blog"},"content":{"rendered":"\t\t<div data-elementor-type=\"wp-page\" data-elementor-id=\"2\" class=\"elementor elementor-2\">\n\t\t\t\t\t\t<section class=\"elementor-section elementor-top-section elementor-element elementor-element-ef03b54 elementor-section-boxed elementor-section-height-default elementor-section-height-default\" data-id=\"ef03b54\" data-element_type=\"section\">\n\t\t\t\t\t\t<div class=\"elementor-container elementor-column-gap-default\">\n\t\t\t\t\t<div class=\"elementor-column elementor-col-100 elementor-top-column elementor-element elementor-element-31371dd\" data-id=\"31371dd\" data-element_type=\"column\">\n\t\t\t<div class=\"elementor-widget-wrap elementor-element-populated\">\n\t\t\t\t\t\t<div class=\"elementor-element elementor-element-0ae6f54 elementor-widget elementor-widget-qi_addons_for_elementor_blog_list\" data-id=\"0ae6f54\" data-element_type=\"widget\" data-widget_type=\"qi_addons_for_elementor_blog_list.default\">\n\t\t\t\t<div class=\"elementor-widget-container\">\n\t\t\t<div class=\"qodef-shortcode qodef-m  qodef-addons-blog-list qodef-info-no-icons  qodef-image--hover-zoom   qodef-qi-grid qodef-layout--qi-columns  qodef-col-num--2  qodef-item-layout--boxed qodef-responsive--predefined\" >\n\t<div class=\"qodef-grid-inner\">\n\t\t<article class=\"qodef-e qodef-blog-item qodef-grid-item qodef-item--full post-9239 post type-post status-publish format-standard hentry category-natalia\">\n\t<div class=\"qodef-e-inner\">\n\t\t<div class=\"qodef-e-media-holder\">\n\t\t\t<div class=\"qodef-e-media\">\n\t<\/div>\n<div itemprop=\"dateCreated\" class=\"qodef-e-info-item qodef-e-info-date entry-date \">\n\t<a itemprop=\"url\" href=\"https:\/\/lailusionperfecta.com\/index.php\/2025\/02\/\">\n\t\t13 Feb\t<\/a>\n<\/div>\n\t\t<\/div>\n\t\t<div class=\"qodef-e-content\">\n\t\t\t\t\t\t\t<div class=\"qodef-e-info qodef-info--top\">\n\t\t\t\t\t<div class=\"qodef-e-info-item qodef-e-info-category\">\n\t\t<a href=\"https:\/\/lailusionperfecta.com\/index.php\/category\/natalia\/\" rel=\"category tag\">Natalia<\/a><\/div>\n<div class=\"qodef-e-info-item qodef-e-info-author\">\n\t<a itemprop=\"author\" class=\"qodef-e-info-author-link\" href=\"https:\/\/lailusionperfecta.com\/index.php\/author\/admin\/\">\n\t\t\t\tNatalia R\u00faiz\t<\/a>\n<\/div>\n\t\t\t\t<\/div>\n\t\t\t\t\t\t<div class=\"qodef-e-text\">\n\t\t\t\t<h5 itemprop=\"name\" class=\"qodef-e-title entry-title\">\n\t<a itemprop=\"url\" class=\"qodef-e-title-link\" href=\"https:\/\/lailusionperfecta.com\/index.php\/2025\/02\/13\/un-poco-mas-de-mi\/\">\n\t\tUn poco m\u00e1s de mi&#8230;\t<\/a>\n<\/h5>\n\t\t<p itemprop=\"description\" class=\"qodef-e-excerpt\">\n\t\t\tMe presento, soy Natalia Ruiz, una apasionada de las emociones a flor de piel, de ah\u00ed el querer embarcarme en un proyecto tan bonito como son las bodas y los eventos. Desde bien p\t\t<\/p>\n\t\t\t\t<\/div>\n\t\t\t\t\t\t\t<div class=\"qodef-e-info qodef-info--bottom\">\n\t\t\t\t\t\t<div class=\"qodef-e-read-more\">\n\t\t<a class=\"qodef-shortcode qodef-m  qodef-qi-button qodef-html--link qodef-layout--filled qodef-type--standard   qodef-icon--right qodef-hover--icon-move-horizontal-short     \" href=\"https:\/\/lailusionperfecta.com\/index.php\/2025\/02\/13\/un-poco-mas-de-mi\/\" target=\"_self\">\t<span class=\"qodef-m-text\">Leer m\u00e1s<\/span>\t<\/a>\t<\/div>\n\t\t\t\t<\/div>\n\t\t\t\t\t<\/div>\n\t<\/div>\n<\/article>\n\t<\/div>\n\t<\/div>\n\t\t<\/div>\n\t\t\t\t<\/div>\n\t\t\t\t\t<\/div>\n\t\t<\/div>\n\t\t\t\t\t<\/div>\n\t\t<\/section>\n\t\t\t\t<\/div>\n\t\t","protected":false},"excerpt":{"rendered":"<p>13 Feb Natalia admin Un poco m\u00e1s de mi&#8230; Me presento, soy Natalia Ruiz, una apasionada de las emociones a flor de piel, de ah\u00ed el querer embarcarme en un proyecto tan bonito como son las bodas y los eventos. Desde bien p Leer m\u00e1s<\/p>\n","protected":false},"author":1,"featured_media":0,"parent":0,"menu_order":0,"comment_status":"closed","ping_status":"closed","template":"","meta":{"footnotes":""},"class_list":["post-2","page","type-page","status-publish","hentry"],"_links":{"self":[{"href":"https:\/\/lailusionperfecta.com\/index.php\/wp-json\/wp\/v2\/pages\/2","targetHints":{"allow":["GET"]}}],"collection":[{"href":"https:\/\/lailusionperfecta.com\/index.php\/wp-json\/wp\/v2\/pages"}],"about":[{"href":"https:\/\/lailusionperfecta.com\/index.php\/wp-json\/wp\/v2\/types\/page"}],"author":[{"embeddable":true,"href":"https:\/\/lailusionperfecta.com\/index.php\/wp-json\/wp\/v2\/users\/1"}],"replies":[{"embeddable":true,"href":"https:\/\/lailusionperfecta.com\/index.php\/wp-json\/wp\/v2\/comments?post=2"}],"version-history":[{"count":8,"href":"https:\/\/lailusionperfecta.com\/index.php\/wp-json\/wp\/v2\/pages\/2\/revisions"}],"predecessor-version":[{"id":9279,"href":"https:\/\/lailusionperfecta.com\/index.php\/wp-json\/wp\/v2\/pages\/2\/revisions\/9279"}],"wp:attachment":[{"href":"https:\/\/lailusionperfecta.com\/index.php\/wp-json\/wp\/v2\/media?parent=2"}],"curies":[{"name":"wp","href":"https:\/\/api.w.org\/{rel}","templated":true}]}}