{"id":1828,"date":"2022-11-25T13:05:09","date_gmt":"2022-11-25T13:05:09","guid":{"rendered":"https:\/\/castella.qodeinteractive.com\/?page_id=1828"},"modified":"2025-02-05T05:43:54","modified_gmt":"2025-02-05T05:43:54","slug":"nosotros","status":"publish","type":"page","link":"https:\/\/lailusionperfecta.com\/index.php\/nosotros\/","title":{"rendered":"Nosotros"},"content":{"rendered":"\t\t<div data-elementor-type=\"wp-page\" data-elementor-id=\"1828\" class=\"elementor elementor-1828\">\n\t\t\t\t\t\t<section class=\"elementor-section elementor-top-section elementor-element elementor-element-b62d781 elementor-section-full_width qodef-elementor-content-grid elementor-section-height-default elementor-section-height-default\" data-id=\"b62d781\" data-element_type=\"section\">\n\t\t\t\t\t\t<div class=\"elementor-container elementor-column-gap-default\">\n\t\t\t\t\t<div class=\"elementor-column elementor-col-100 elementor-top-column elementor-element elementor-element-a568073\" data-id=\"a568073\" data-element_type=\"column\">\n\t\t\t<div class=\"elementor-widget-wrap elementor-element-populated\">\n\t\t\t\t\t\t<div class=\"elementor-element elementor-element-93aa2f0 elementor-widget__width-initial elementor-widget elementor-widget-castella_core_section_title\" data-id=\"93aa2f0\" data-element_type=\"widget\" data-widget_type=\"castella_core_section_title.default\">\n\t\t\t\t<div class=\"elementor-widget-container\">\n\t\t\t<div class=\"qodef-shortcode qodef-m  qodef-section-title qodef-section-title-323 qodef-alignment--center  qodef--has-appear\">\n\t<div class=\"qodef-m-title-holder\" style=\"align-items: center\">\n\t\t\t<h2 class=\"qodef-m-title\" >\n\t\t\t\t\tnuestro equipo\t\t\t<\/h2>\n\t\t\t\n\n\n\t<\/div>\n\t\t<p class=\"qodef-m-subtitle\" style=\"margin-top: 10px\">Queremos haceros sentir como en casa<\/p>\n\t\t<p class=\"qodef-m-text\" >Somos un equipo muy cercano y nuestra \ufb01nalidad es transmitir con\ufb01anza y transparencia a la hora de organizar el d\u00eda m\u00e1s importante de vuestras vidas, lo que hace que el resultado siempre sea mucho m\u00e1s de lo esperado.<\/p>\n<\/div>\n\t\t<\/div>\n\t\t\t\t<\/div>\n\t\t\t\t\t<\/div>\n\t\t<\/div>\n\t\t\t\t\t<\/div>\n\t\t<\/section>\n\t\t\t\t<section class=\"elementor-section elementor-top-section elementor-element elementor-element-ec16537 elementor-section-full_width elementor-section-content-middle qodef-elementor-content-grid elementor-section-height-default elementor-section-height-default\" data-id=\"ec16537\" data-element_type=\"section\">\n\t\t\t\t\t\t<div class=\"elementor-container elementor-column-gap-default\">\n\t\t\t\t\t<div class=\"elementor-column elementor-col-100 elementor-top-column elementor-element elementor-element-a05afb6\" data-id=\"a05afb6\" data-element_type=\"column\">\n\t\t\t<div class=\"elementor-widget-wrap elementor-element-populated\">\n\t\t\t\t\t\t<div class=\"elementor-element elementor-element-95c387b elementor-widget__width-initial elementor-widget elementor-widget-castella_core_section_title\" data-id=\"95c387b\" data-element_type=\"widget\" data-widget_type=\"castella_core_section_title.default\">\n\t\t\t\t<div class=\"elementor-widget-container\">\n\t\t\t<div class=\"qodef-shortcode qodef-m  qodef-section-title qodef-section-title-760 qodef-alignment--center  \">\n\t<div class=\"qodef-m-title-holder\" style=\"align-items: center\">\n\t\t\t<h5 class=\"qodef-m-title\" >\n\t\t\t\t\tnatalia ruiz\t\t\t<\/h5>\n\t\t\n\n\n\t<\/div>\n\t\t<p class=\"qodef-m-subtitle\" style=\"margin-top: 5px\">CEO &amp; Wedding Planner<\/p>\n\t\t<p class=\"qodef-m-text\" style=\"margin: 15px 0 0 0\">Soy una apasionada de las bodas y las emociones a flor de piel. Hacer sentir especial a las personas en un d\u00eda tan importante se ha convertido en mi mayor motivaci\u00f3n. \n\nMe considero so\u00f1adora, constante y luchadora, con una gran sensibilidad por los momentos m\u00e1gicos e inolvidables. Creo que los sue\u00f1os son el motor de la vida y que la ilusi\u00f3n es clave para alcanzar grandes satisfacciones. Soy familiar, disfruto aprendiendo tanto de los m\u00e1s experimentados como de los m\u00e1s peque\u00f1os, quienes siempre ense\u00f1an algo nuevo con su fantas\u00eda e inocencia. \n\nTras una s\u00f3lida formaci\u00f3n acad\u00e9mica en Protocolo, Wedding Planner y eventos, y gracias a la inspiraci\u00f3n de mi padre, descubr\u00ed que mi verdadera pasi\u00f3n es crear bodas \u00fanicas que reflejen la felicidad de quienes las celebran. Este proyecto es mi manera de vivir con ilusi\u00f3n, crecer como persona y aprender de las maravillosas personas que hacen especial este trabajo.<\/p>\n<\/div>\n\t\t<\/div>\n\t\t\t\t<\/div>\n\t\t\t\t\t<\/div>\n\t\t<\/div>\n\t\t\t\t\t<\/div>\n\t\t<\/section>\n\t\t\t\t<section class=\"elementor-section elementor-top-section elementor-element elementor-element-4078fed elementor-section-full_width elementor-section-content-top qodef-elementor-content-grid elementor-section-height-default elementor-section-height-default\" data-id=\"4078fed\" data-element_type=\"section\">\n\t\t\t\t\t\t<div class=\"elementor-container elementor-column-gap-default\">\n\t\t\t\t\t<div class=\"elementor-column elementor-col-100 elementor-top-column elementor-element elementor-element-520deb5\" data-id=\"520deb5\" data-element_type=\"column\">\n\t\t\t<div class=\"elementor-widget-wrap elementor-element-populated\">\n\t\t\t\t\t\t<div class=\"elementor-element elementor-element-c6c98fa elementor-widget__width-initial elementor-widget elementor-widget-castella_core_section_title\" data-id=\"c6c98fa\" data-element_type=\"widget\" data-widget_type=\"castella_core_section_title.default\">\n\t\t\t\t<div class=\"elementor-widget-container\">\n\t\t\t<div class=\"qodef-shortcode qodef-m  qodef-section-title qodef-section-title-938 qodef-alignment--center  \">\n\t<div class=\"qodef-m-title-holder\" style=\"align-items: center\">\n\t\t\t<h5 class=\"qodef-m-title\" >\n\t\t\t\t\tfrancisco ruiz\t\t\t<\/h5>\n\t\t\n\n\n\t<\/div>\n\t\t<p class=\"qodef-m-subtitle\" style=\"margin-top: 5px\">Coordinador<\/p>\n\t\t<p class=\"qodef-m-text\" style=\"margin: 15px 0 0 0\">Os presento al segundo pilar m\u00e1s importante de esta empresa y el gran responsable de este proyecto: una persona definida por una sola palabra, *alegr\u00eda*. \n\nCon una pasi\u00f3n especial por cuidar cada detalle, pone toda su ilusi\u00f3n en todo lo que hace. Es el encargado de aportar esa chispa de locura y guiaros con humor, elegancia y transparencia para que disfrut\u00e9is de cada momento hasta llegar a vuestro d\u00eda m\u00e1gico. \n\nCon una destacada trayectoria profesional en eventos y su experiencia como Ma\u00eetre, ha tenido el privilegio de trabajar directamente con los protagonistas: los novios. Su talento para entenderos y transmitiros confianza y seguridad lo convierten en una pieza clave para crear bodas inolvidables.<\/p>\n<\/div>\n\t\t<\/div>\n\t\t\t\t<\/div>\n\t\t\t\t\t<\/div>\n\t\t<\/div>\n\t\t\t\t\t<\/div>\n\t\t<\/section>\n\t\t\t\t<section class=\"elementor-section elementor-top-section elementor-element elementor-element-51081e3 elementor-section-full_width elementor-section-content-top qodef-elementor-content-grid elementor-section-height-default elementor-section-height-default\" data-id=\"51081e3\" data-element_type=\"section\">\n\t\t\t\t\t\t<div class=\"elementor-container elementor-column-gap-default\">\n\t\t\t\t\t<div class=\"elementor-column elementor-col-100 elementor-top-column elementor-element elementor-element-84ec1ac\" data-id=\"84ec1ac\" data-element_type=\"column\">\n\t\t\t<div class=\"elementor-widget-wrap elementor-element-populated\">\n\t\t\t\t\t\t<div class=\"elementor-element elementor-element-6dbebd7 elementor-widget__width-initial elementor-widget elementor-widget-castella_core_section_title\" data-id=\"6dbebd7\" data-element_type=\"widget\" data-widget_type=\"castella_core_section_title.default\">\n\t\t\t\t<div class=\"elementor-widget-container\">\n\t\t\t<div class=\"qodef-shortcode qodef-m  qodef-section-title qodef-section-title-161 qodef-alignment--center  \">\n\t<div class=\"qodef-m-title-holder\" style=\"align-items: center\">\n\t\t\t<h5 class=\"qodef-m-title\" >\n\t\t\t\t\tAlicia albert\t\t\t<\/h5>\n\t\t\n\n\n\t<\/div>\n\t\t<p class=\"qodef-m-subtitle\" style=\"margin-top: 5px\">wedding planner<\/p>\n\t\t<p class=\"qodef-m-text\" style=\"margin: 15px 0 0 0\">Ella es quien dice &quot;S\u00cd&quot; antes de saber d\u00f3nde se est\u00e1 metiendo, y esa misma pasi\u00f3n la llev\u00f3 a formar parte del equipo de La Ilusi\u00f3n Perfecta como wedding planner. \n\nCargada de ilusi\u00f3n y con el deseo constante de dar lo mejor de s\u00ed misma, pone su toque de alegr\u00eda en cada uno de nuestros eventos. Su empat\u00eda y capacidad para ayudar la convierten en un apoyo esencial para nuestras parejas. \n\nLo que la hace \u00fanica es su firme creencia de que no existen los imposibles: siempre busca ir m\u00e1s all\u00e1 para lograr la felicidad de quienes conf\u00edan en nosotros. \n\nEst\u00e1 deseando conoceros. \u00bfY vosotros?<\/p>\n<\/div>\n\t\t<\/div>\n\t\t\t\t<\/div>\n\t\t\t\t\t<\/div>\n\t\t<\/div>\n\t\t\t\t\t<\/div>\n\t\t<\/section>\n\t\t\t\t<section class=\"elementor-section elementor-top-section elementor-element elementor-element-d8865c7 elementor-section-full_width elementor-section-content-top qodef-elementor-content-grid elementor-section-height-default elementor-section-height-default\" data-id=\"d8865c7\" data-element_type=\"section\">\n\t\t\t\t\t\t<div class=\"elementor-container elementor-column-gap-default\">\n\t\t\t\t\t<div class=\"elementor-column elementor-col-100 elementor-top-column elementor-element elementor-element-43ff617\" data-id=\"43ff617\" data-element_type=\"column\">\n\t\t\t<div class=\"elementor-widget-wrap elementor-element-populated\">\n\t\t\t\t\t\t<div class=\"elementor-element elementor-element-fef454c elementor-widget__width-initial elementor-widget elementor-widget-castella_core_section_title\" data-id=\"fef454c\" data-element_type=\"widget\" data-widget_type=\"castella_core_section_title.default\">\n\t\t\t\t<div class=\"elementor-widget-container\">\n\t\t\t<div class=\"qodef-shortcode qodef-m  qodef-section-title qodef-section-title-304 qodef-alignment--center  \">\n\t<div class=\"qodef-m-title-holder\" style=\"align-items: center\">\n\t\t\t<h5 class=\"qodef-m-title\" >\n\t\t\t\t\tCarmen Peris\t\t\t<\/h5>\n\t\t\n\n\n\t<\/div>\n\t\t<p class=\"qodef-m-subtitle\" style=\"margin-top: 5px\">wedding planner<\/p>\n\t\t<p class=\"qodef-m-text\" style=\"margin: 15px 0 0 0\">Gracias a su talento y a la dedicaci\u00f3n que pone en todo lo que le apasiona, Carmen se ha convertido en una pieza clave de nuestro equipo de wedding planners. \n\nEs quien aporta serenidad y calma, transmitiendo paz en cada momento. Siempre dispuesta y entregada, nos regala lo mejor de s\u00ed misma con una sonrisa que lo ilumina todo. \n\nApasionada por el trato con las personas, disfruta escuch\u00e1ndolas, empatizando con ellas y haci\u00e9ndolas sentir c\u00f3modas. Su af\u00e1n por la perfecci\u00f3n la lleva a cuidar cada detalle y a encontrar siempre las mejores soluciones para que todo sea impecable.\n\nCarmen est\u00e1 deseando conoceros\u2026 \u00a1y hacer realidad vuestro d\u00eda so\u00f1ado!<\/p>\n<\/div>\n\t\t<\/div>\n\t\t\t\t<\/div>\n\t\t\t\t\t<\/div>\n\t\t<\/div>\n\t\t\t\t\t<\/div>\n\t\t<\/section>\n\t\t\t\t<section class=\"elementor-section elementor-top-section elementor-element elementor-element-e0cba0e elementor-section-full_width qodef-elementor-content-grid elementor-section-height-default elementor-section-height-default\" data-id=\"e0cba0e\" data-element_type=\"section\">\n\t\t\t\t\t\t<div class=\"elementor-container elementor-column-gap-default\">\n\t\t\t\t\t<div class=\"elementor-column elementor-col-100 elementor-top-column elementor-element elementor-element-b713819\" data-id=\"b713819\" data-element_type=\"column\">\n\t\t\t<div class=\"elementor-widget-wrap elementor-element-populated\">\n\t\t\t\t\t\t<div class=\"elementor-element elementor-element-862733b elementor-widget__width-initial elementor-widget-mobile__width-inherit elementor-widget elementor-widget-castella_core_section_title\" data-id=\"862733b\" data-element_type=\"widget\" data-widget_type=\"castella_core_section_title.default\">\n\t\t\t\t<div class=\"elementor-widget-container\">\n\t\t\t<div class=\"qodef-shortcode qodef-m  qodef-section-title qodef-section-title-338 qodef-alignment--center  qodef--has-appear\">\n\t<div class=\"qodef-m-title-holder\" style=\"align-items: center\">\n\t\t\t<h2 class=\"qodef-m-title\" >\n\t\t\t\t\tNuestra misi\u00f3n\t\t\t<\/h2>\n\t\t\t\t<div class=\"qodef-m-image\" style=\"top: -150px;position: absolute\">\n\t\t\t<img decoding=\"async\" width=\"100\" height=\"149\" src=\"https:\/\/lailusionperfecta.com\/wp-content\/uploads\/2024\/12\/Rosa-Bodas-e1733477680812.png\" class=\"attachment-full size-full\" alt=\"\" \/>\t\t<\/div>\n\t\t\n\n\n\t<\/div>\n\t\t<p class=\"qodef-m-subtitle\" style=\"margin-top: 10px\">el proyecto<\/p>\n\t\t<p class=\"qodef-m-text\" style=\"margin: 30px 0 30px 0\">Con este proyecto lo que queremos transmitir es que vamos a estar a vuestro lado en todo \u00e9l proceso de organizaci\u00f3n, poniendo soluciones a esas preocupaciones que no os dejan vivir este sue\u00f1o con ilusi\u00f3n, que pod\u00e1is delegar en nosotros toda vuestra confianza.\n\nPara nosotros es muy importante que os sint\u00e1is felices y tranquilos.\n\nNuestra finalidad es resolver todo tipo de problema o inquietud y poner soluciones pr\u00e1cticas.\n\nNos gusta ver a nuestras parejas con una sonrisa.\n\nYa estamos preparados para empezar.<\/p>\n<\/div>\n\t\t<\/div>\n\t\t\t\t<\/div>\n\t\t\t\t\t<\/div>\n\t\t<\/div>\n\t\t\t\t\t<\/div>\n\t\t<\/section>\n\t\t\t\t<section class=\"elementor-section elementor-top-section elementor-element elementor-element-8559b63 elementor-section-full_width qodef-elementor-content-grid elementor-section-height-default elementor-section-height-default\" data-id=\"8559b63\" data-element_type=\"section\">\n\t\t\t\t\t\t<div class=\"elementor-container elementor-column-gap-default\">\n\t\t\t\t\t<div class=\"elementor-column elementor-col-100 elementor-top-column elementor-element elementor-element-eeb9c81\" data-id=\"eeb9c81\" data-element_type=\"column\">\n\t\t\t<div class=\"elementor-widget-wrap elementor-element-populated\">\n\t\t\t\t\t\t<div class=\"elementor-element elementor-element-5c56f66 elementor-widget__width-initial elementor-widget-mobile__width-inherit elementor-widget elementor-widget-castella_core_section_title\" data-id=\"5c56f66\" data-element_type=\"widget\" data-widget_type=\"castella_core_section_title.default\">\n\t\t\t\t<div class=\"elementor-widget-container\">\n\t\t\t<div class=\"qodef-shortcode qodef-m  qodef-section-title qodef-section-title-953 qodef-alignment--center  qodef--has-appear\">\n\t<div class=\"qodef-m-title-holder\" style=\"align-items: center\">\n\t\t\t<h2 class=\"qodef-m-title\" >\n\t\t\t\t\tNuestra pasi\u00f3n\t\t\t<\/h2>\n\t\t\t\n\n\n\t<\/div>\n\t\t<p class=\"qodef-m-subtitle\" style=\"margin-top: 10px\">a donde nos dirigimos<\/p>\n\t\t<p class=\"qodef-m-text\" style=\"margin: 30px 0 30px 0\">Somos un equipo muy cercano y nuestra finalidad es transmitir confianza y transparencia a la hora de organizar el d\u00eda m\u00e1s importante de vuestras vidas, lo que hace que el resultado siempre sea mucho m\u00e1s de lo esperado.\n\nLa Ilusi\u00f3n Perfecta quiere haceros sentir que est\u00e1is en casa.<\/p>\n<\/div>\n\t\t<\/div>\n\t\t\t\t<\/div>\n\t\t\t\t\t<\/div>\n\t\t<\/div>\n\t\t\t\t\t<\/div>\n\t\t<\/section>\n\t\t\t\t<section class=\"elementor-section elementor-top-section elementor-element elementor-element-3481665 elementor-section-full_width elementor-section-height-min-height qodef-elementor-content-grid elementor-section-height-default elementor-section-items-middle\" data-id=\"3481665\" data-element_type=\"section\">\n\t\t\t\t\t\t<div class=\"elementor-container elementor-column-gap-default\">\n\t\t\t\t\t<div class=\"elementor-column elementor-col-33 elementor-top-column elementor-element elementor-element-ed0fe8c\" data-id=\"ed0fe8c\" data-element_type=\"column\">\n\t\t\t<div class=\"elementor-widget-wrap elementor-element-populated\">\n\t\t\t\t\t\t<div class=\"elementor-element elementor-element-bf9d8ac elementor-widget__width-initial elementor-widget-mobile__width-inherit elementor-widget elementor-widget-castella_core_image_with_text\" data-id=\"bf9d8ac\" data-element_type=\"widget\" data-widget_type=\"castella_core_image_with_text.default\">\n\t\t\t\t<div class=\"elementor-widget-container\">\n\t\t\t<div class=\"qodef-shortcode qodef-m  qodef-image-with-text qodef-layout--text-below qodef-alignment--center qodef--has-appear \">\n\t<div class=\"qodef-e-holder-inner\">\n        <div class=\"qodef-m-image-holder qodef-e\" >\n\t\t\t<div class=\"qodef-e-image\">\n\t\t<img decoding=\"async\" width=\"210\" height=\"162\" src=\"https:\/\/lailusionperfecta.com\/wp-content\/uploads\/2024\/08\/decor1.png\" class=\"attachment-full size-full\" alt=\"\" \/>\t\t<\/div>\n\t\t\t\t\t<\/div>\n        <div class=\"qodef-m-content\">\n            \t<h5 class=\"qodef-m-title\" >\n\t\t\t\t\ttu tranquilidad\t\t\t<\/h5>\n            \t<p class=\"qodef-m-subtitle\" >es nuestro objetivo<\/p>\n            \t<div class=\"qodef-m-text\" ><p>Queremos transmitir que estaremos a vuestro lado en todo el proceso de organizaci\u00f3n y ejecuci\u00f3n.<\/p><\/div>\n        <\/div>\n\t<\/div>\n<\/div>\n\t\t<\/div>\n\t\t\t\t<\/div>\n\t\t\t\t\t<\/div>\n\t\t<\/div>\n\t\t\t\t<div class=\"elementor-column elementor-col-33 elementor-top-column elementor-element elementor-element-744a404\" data-id=\"744a404\" data-element_type=\"column\">\n\t\t\t<div class=\"elementor-widget-wrap elementor-element-populated\">\n\t\t\t\t\t\t<div class=\"elementor-element elementor-element-5b36192 elementor-widget__width-initial elementor-widget-mobile__width-inherit elementor-widget elementor-widget-castella_core_image_with_text\" data-id=\"5b36192\" data-element_type=\"widget\" data-widget_type=\"castella_core_image_with_text.default\">\n\t\t\t\t<div class=\"elementor-widget-container\">\n\t\t\t<div class=\"qodef-shortcode qodef-m  qodef-image-with-text qodef-layout--text-below qodef-alignment--center qodef--has-appear \">\n\t<div class=\"qodef-e-holder-inner\">\n        <div class=\"qodef-m-image-holder qodef-e\" >\n\t\t\t<div class=\"qodef-e-image\">\n\t\t<img decoding=\"async\" width=\"220\" height=\"169\" src=\"https:\/\/lailusionperfecta.com\/wp-content\/uploads\/2024\/08\/decor2.png\" class=\"attachment-full size-full\" alt=\"\" \/>\t\t<\/div>\n\t\t\t\t\t<\/div>\n        <div class=\"qodef-m-content\">\n            \t<h5 class=\"qodef-m-title\" >\n\t\t\t\t\tnos reflejamos\t\t\t<\/h5>\n            \t<p class=\"qodef-m-subtitle\" >en vosotros<\/p>\n            \t<div class=\"qodef-m-text\" ><p>Nos preocupamos de que nuestras parejas se sientan muy reflejadas con toda la organizaci\u00f3n y decoraci\u00f3n.<\/p><\/div>\n        <\/div>\n\t<\/div>\n<\/div>\n\t\t<\/div>\n\t\t\t\t<\/div>\n\t\t\t\t\t<\/div>\n\t\t<\/div>\n\t\t\t\t<div class=\"elementor-column elementor-col-33 elementor-top-column elementor-element elementor-element-f14001b\" data-id=\"f14001b\" data-element_type=\"column\">\n\t\t\t<div class=\"elementor-widget-wrap elementor-element-populated\">\n\t\t\t\t\t\t<div class=\"elementor-element elementor-element-b248523 elementor-widget__width-initial elementor-widget-mobile__width-inherit elementor-widget elementor-widget-castella_core_image_with_text\" data-id=\"b248523\" data-element_type=\"widget\" data-widget_type=\"castella_core_image_with_text.default\">\n\t\t\t\t<div class=\"elementor-widget-container\">\n\t\t\t<div class=\"qodef-shortcode qodef-m  qodef-image-with-text qodef-layout--text-below qodef-alignment--center qodef--has-appear \">\n\t<div class=\"qodef-e-holder-inner\">\n        <div class=\"qodef-m-image-holder qodef-e\" >\n\t\t\t<div class=\"qodef-e-image\">\n\t\t<img loading=\"lazy\" decoding=\"async\" width=\"220\" height=\"170\" src=\"https:\/\/lailusionperfecta.com\/wp-content\/uploads\/2024\/08\/decor3.png\" class=\"attachment-full size-full\" alt=\"\" \/>\t\t<\/div>\n\t\t\t\t\t<\/div>\n        <div class=\"qodef-m-content\">\n            \t<h5 class=\"qodef-m-title\" >\n\t\t\t\t\tcada pareja\t\t\t<\/h5>\n            \t<p class=\"qodef-m-subtitle\" >es un mundo<\/p>\n            \t<div class=\"qodef-m-text\" ><p>Y cada boda un reflejo de ello. Cuidamos hasta el m\u00e1s m\u00ednimo detalle para que la sint\u00e1is tan vuestra como vuestro amor.<\/p><\/div>\n        <\/div>\n\t<\/div>\n<\/div>\n\t\t<\/div>\n\t\t\t\t<\/div>\n\t\t\t\t\t<\/div>\n\t\t<\/div>\n\t\t\t\t\t<\/div>\n\t\t<\/section>\n\t\t\t\t<\/div>\n\t\t","protected":false},"excerpt":{"rendered":"<p>Nuestra misi\u00f3n el proyecto Con este proyecto lo que queremos transmitir es que vamos a estar a vuestro lado en todo \u00e9l proceso de organizaci\u00f3n, poniendo soluciones a esas preocupaciones que no os dejan vivir este sue\u00f1o con ilusi\u00f3n, que pod\u00e1is delegar en nosotros toda vuestra confianza. Para nosotros es muy importante que os sint\u00e1is [&hellip;]<\/p>\n","protected":false},"author":1,"featured_media":0,"parent":0,"menu_order":0,"comment_status":"closed","ping_status":"closed","template":"page-full-width.php","meta":{"footnotes":""},"class_list":["post-1828","page","type-page","status-publish","hentry"],"_links":{"self":[{"href":"https:\/\/lailusionperfecta.com\/index.php\/wp-json\/wp\/v2\/pages\/1828","targetHints":{"allow":["GET"]}}],"collection":[{"href":"https:\/\/lailusionperfecta.com\/index.php\/wp-json\/wp\/v2\/pages"}],"about":[{"href":"https:\/\/lailusionperfecta.com\/index.php\/wp-json\/wp\/v2\/types\/page"}],"author":[{"embeddable":true,"href":"https:\/\/lailusionperfecta.com\/index.php\/wp-json\/wp\/v2\/users\/1"}],"replies":[{"embeddable":true,"href":"https:\/\/lailusionperfecta.com\/index.php\/wp-json\/wp\/v2\/comments?post=1828"}],"version-history":[{"count":24,"href":"https:\/\/lailusionperfecta.com\/index.php\/wp-json\/wp\/v2\/pages\/1828\/revisions"}],"predecessor-version":[{"id":9231,"href":"https:\/\/lailusionperfecta.com\/index.php\/wp-json\/wp\/v2\/pages\/1828\/revisions\/9231"}],"wp:attachment":[{"href":"https:\/\/lailusionperfecta.com\/index.php\/wp-json\/wp\/v2\/media?parent=1828"}],"curies":[{"name":"wp","href":"https:\/\/api.w.org\/{rel}","templated":true}]}}