{"id":2872,"date":"2022-12-05T10:17:48","date_gmt":"2022-12-05T10:17:48","guid":{"rendered":"https:\/\/castella.qodeinteractive.com\/?page_id=2872"},"modified":"2025-05-14T07:20:12","modified_gmt":"2025-05-14T07:20:12","slug":"contacto","status":"publish","type":"page","link":"http:\/\/lailusionperfecta.com\/index.php\/contacto\/","title":{"rendered":"Contacto"},"content":{"rendered":"\t\t<div data-elementor-type=\"wp-page\" data-elementor-id=\"2872\" class=\"elementor elementor-2872\">\n\t\t\t\t\t\t<section class=\"elementor-section elementor-top-section elementor-element elementor-element-cc0d83c elementor-section-boxed elementor-section-height-default elementor-section-height-default\" data-id=\"cc0d83c\" data-element_type=\"section\">\n\t\t\t\t\t\t<div class=\"elementor-container elementor-column-gap-default\">\n\t\t\t\t\t<div class=\"elementor-column elementor-col-100 elementor-top-column elementor-element elementor-element-47d05c5\" data-id=\"47d05c5\" data-element_type=\"column\">\n\t\t\t<div class=\"elementor-widget-wrap elementor-element-populated\">\n\t\t\t\t\t\t<div class=\"elementor-element elementor-element-2e9bb8f elementor-widget__width-initial elementor-widget elementor-widget-castella_core_section_title\" data-id=\"2e9bb8f\" data-element_type=\"widget\" data-widget_type=\"castella_core_section_title.default\">\n\t\t\t\t<div class=\"elementor-widget-container\">\n\t\t\t<div class=\"qodef-shortcode qodef-m  qodef-section-title qodef-section-title-67 qodef-alignment--center  qodef--has-appear\">\n\t<div class=\"qodef-m-title-holder\" style=\"align-items: center\">\n\t\t\t<h2 class=\"qodef-m-title\" >\n\t\t\t\t\t\u00bfListos para dar vida a vuestro sue\u00f1o?\t\t\t<\/h2>\n\t\t\t\t<div class=\"qodef-m-image\" style=\"top: -170px;position: absolute\">\n\t\t\t<img decoding=\"async\" width=\"100\" height=\"149\" src=\"http:\/\/lailusionperfecta.com\/wp-content\/uploads\/2024\/12\/Rosa-Bodas-e1733477680812.png\" class=\"attachment-full size-full\" alt=\"\" \/>\t\t<\/div>\n\t\t\n\n\n\t<\/div>\n\t\t<p class=\"qodef-m-subtitle\" >Donde todo empieza<\/p>\n\t<\/div>\n\t\t<\/div>\n\t\t\t\t<\/div>\n\t\t\t\t<div class=\"elementor-element elementor-element-c6c54d4 elementor-widget__width-initial elementor-widget-mobile__width-inherit elementor-widget elementor-widget-wp-widget-castella_core_contact_form_7\" data-id=\"c6c54d4\" data-element_type=\"widget\" data-widget_type=\"wp-widget-castella_core_contact_form_7.default\">\n\t\t\t\t<div class=\"elementor-widget-container\">\n\t\t\t\t\t\t<div class=\"qodef-contact-form-7\">\n\t\t\t\t\n<div class=\"wpcf7 no-js\" id=\"wpcf7-f2871-o1\" lang=\"en-US\" dir=\"ltr\">\n<div class=\"screen-reader-response\"><p role=\"status\" aria-live=\"polite\" aria-atomic=\"true\"><\/p> <ul><\/ul><\/div>\n<form action=\"\/index.php\/wp-json\/wp\/v2\/pages\/2872#wpcf7-f2871-o1\" method=\"post\" class=\"wpcf7-form init demo\" aria-label=\"Contact form\" novalidate=\"novalidate\" data-status=\"init\">\n<div style=\"display: none;\">\n<input type=\"hidden\" name=\"_wpcf7\" value=\"2871\" \/>\n<input type=\"hidden\" name=\"_wpcf7_version\" value=\"5.9.8\" \/>\n<input type=\"hidden\" name=\"_wpcf7_locale\" value=\"en_US\" \/>\n<input type=\"hidden\" name=\"_wpcf7_unit_tag\" value=\"wpcf7-f2871-o1\" \/>\n<input type=\"hidden\" name=\"_wpcf7_container_post\" value=\"0\" \/>\n<input type=\"hidden\" name=\"_wpcf7_posted_data_hash\" value=\"\" \/>\n<\/div>\n<div class=\"qodef-custom-contact-form\">\n\n<div class=\"qodef-cf7-input-holder\">\n    <span class=\"wpcf7-form-control-wrap\" data-name=\"your-name\"><input size=\"40\" maxlength=\"400\" class=\"wpcf7-form-control wpcf7-text wpcf7-validates-as-required\" aria-required=\"true\" aria-invalid=\"false\" placeholder=\"Tu nombre\" value=\"\" type=\"text\" name=\"your-name\" \/><\/span>\n<\/div>\n\n<div class=\"qodef-cf7-two-columns\">\n    <div class=\"qodef-cf7-input-holder\">\n        <span class=\"wpcf7-form-control-wrap\" data-name=\"your-phone\"><input size=\"40\" maxlength=\"400\" class=\"wpcf7-form-control wpcf7-text wpcf7-validates-as-required\" aria-required=\"true\" aria-invalid=\"false\" placeholder=\"N\u00famero de tel\u00e9fono\" value=\"\" type=\"text\" name=\"your-phone\" \/><\/span>\n    <\/div>\n\n    <div class=\"qodef-cf7-input-holder\">\n        <span class=\"wpcf7-form-control-wrap\" data-name=\"your-email\"><input size=\"40\" maxlength=\"400\" class=\"wpcf7-form-control wpcf7-email wpcf7-validates-as-required wpcf7-text wpcf7-validates-as-email\" aria-required=\"true\" aria-invalid=\"false\" placeholder=\"Correo electr\u00f3nico\" value=\"\" type=\"email\" name=\"your-email\" \/><\/span>\n    <\/div>\n<\/div>\n\n<div class=\"qodef-cf7-description\">\n    <p>\u00a1Comparte con nosotros el tema de tu boda, los estilos de decoraci\u00f3n que te gustan y cualquier informaci\u00f3n adicional que creas \u00fatil para encontrar tu boda perfecta!<\/p>\n<\/div>\n\n<span class=\"wpcf7-form-control-wrap\" data-name=\"your-message\"><textarea cols=\"40\" rows=\"4\" maxlength=\"2000\" class=\"wpcf7-form-control wpcf7-textarea\" aria-invalid=\"false\" placeholder=\"Tu mensaje...\" name=\"your-message\"><\/textarea><\/span>\n\n<div class=\"qodef-submit\">\n    <button class=\"wpcf7-form-control wpcf7-submit qodef-button qodef-size--small qodef-layout--outlined qodef-m\" type=\"submit\"><span class=\"qodef-m-text\">Enviar<\/span><span class=\"qodef-m-diamond qodef-diamond-one\"><\/span><span class=\"qodef-m-diamond qodef-diamond-two\"><\/span><\/button>\n<\/div>\n\n<\/div><div class=\"wpcf7-response-output\" aria-hidden=\"true\"><\/div>\n<\/form>\n<\/div>\n\t\t\t<\/div>\n\t\t\t\t\t<\/div>\n\t\t\t\t<\/div>\n\t\t\t\t<div class=\"elementor-element elementor-element-6d42151 elementor-widget elementor-widget-castella_core_section_title\" data-id=\"6d42151\" data-element_type=\"widget\" data-widget_type=\"castella_core_section_title.default\">\n\t\t\t\t<div class=\"elementor-widget-container\">\n\t\t\t<div class=\"qodef-shortcode qodef-m  qodef-section-title qodef-section-title-985 qodef-alignment--center  \">\n\t<div class=\"qodef-m-title-holder\" style=\"align-items: center\">\n\t\t\t<h2 class=\"qodef-m-title\" >\n\t\t\t\t\tCont\u00e1ctanos\t\t\t<\/h2>\n\t\t\n\n\n\t<\/div>\n\t\t<p class=\"qodef-m-subtitle\" style=\"margin-top: 10px\">Atendemos todas tus dudas<\/p>\n\t<\/div>\n\t\t<\/div>\n\t\t\t\t<\/div>\n\t\t\t\t<div class=\"elementor-element elementor-element-794be5a elementor-widget elementor-widget-castella_core_info_section\" data-id=\"794be5a\" data-element_type=\"widget\" data-widget_type=\"castella_core_info_section.default\">\n\t\t\t\t<div class=\"elementor-widget-container\">\n\t\t\t<div class=\"qodef-shortcode qodef-m  qodef-info-section qodef-layout--standard \">\n\t<div class=\"qodef-m-info\">\n\t\t\t\t\t<div class=\"qodef-m-text\" >\n        <p style=\"text-align: center\"><a href=\"mailto:info@lailusionperfecta.com\">info@lailusionperfecta.com<\/a><\/p><p style=\"text-align: center\"><a href=\"tel:+34 608861591\">+34 <\/a><a href=\"tel:+34608861591\">608 86 15 91<\/a><\/p>    <\/div>\n\t\t\t<\/div>\n<\/div>\n\t\t<\/div>\n\t\t\t\t<\/div>\n\t\t\t\t<div class=\"elementor-element elementor-element-cec997b elementor-widget elementor-widget-castella_core_section_title\" data-id=\"cec997b\" data-element_type=\"widget\" data-widget_type=\"castella_core_section_title.default\">\n\t\t\t\t<div class=\"elementor-widget-container\">\n\t\t\t<div class=\"qodef-shortcode qodef-m  qodef-section-title qodef-section-title-945 qodef-alignment--center  \">\n\t<div class=\"qodef-m-title-holder\" style=\"align-items: center\">\n\t\t\t<h5 class=\"qodef-m-title\" >\n\t\t\t\t\tnuestras redes\t\t\t<\/h5>\n\t\t\n\n\n\t<\/div>\n\t\t<\/div>\n\t\t<\/div>\n\t\t\t\t<\/div>\n\t\t\t\t<div class=\"elementor-element elementor-element-f176e68 elementor-widget__width-auto elementor-widget elementor-widget-sidebar\" data-id=\"f176e68\" data-element_type=\"widget\" data-widget_type=\"sidebar.default\">\n\t\t\t\t<div class=\"elementor-widget-container\">\n\t\t\t<div class=\"widget widget_castella_core_social_icons_group\" data-area=\"socials-get-in-touch\">\t\t\t<div class=\"qodef-social-icons-group\">\n\t\t\t\t<span class=\"qodef-shortcode qodef-m  qodef-icon-holder  qodef-layout--normal\"  >\t\t\t<a itemprop=\"url\" href=\"https:\/\/www.instagram.com\/lailusionperfecta\" target=\"_blank\">\t\t\t<span class=\"qodef-icon-font-awesome fab fa-instagram qodef-icon qodef-e\" style=\"color: #738470\" ><\/span>\t\t\t<\/a>\t<\/span><span class=\"qodef-shortcode qodef-m  qodef-icon-holder  qodef-layout--normal\"  >\t\t\t<a itemprop=\"url\" href=\"https:\/\/www.bodas.net\/organizacion-bodas\/la-ilusion-perfecta--e226654\" target=\"_blank\">\t\t\t<span class=\"qodef-icon-elegant-icons icon_heart_alt qodef-icon qodef-e\" style=\"color: #738470\" ><\/span>\t\t\t<\/a>\t<\/span>\t\t\t<\/div>\n\t\t\t<\/div>\t\t<\/div>\n\t\t\t\t<\/div>\n\t\t\t\t<div class=\"elementor-element elementor-element-724c269 elementor-widget elementor-widget-text-editor\" data-id=\"724c269\" data-element_type=\"widget\" data-widget_type=\"text-editor.default\">\n\t\t\t\t<div class=\"elementor-widget-container\">\n\t\t\t<style>\/*! elementor - v3.21.0 - 30-04-2024 *\/\n.elementor-widget-text-editor.elementor-drop-cap-view-stacked .elementor-drop-cap{background-color:#69727d;color:#fff}.elementor-widget-text-editor.elementor-drop-cap-view-framed .elementor-drop-cap{color:#69727d;border:3px solid;background-color:transparent}.elementor-widget-text-editor:not(.elementor-drop-cap-view-default) .elementor-drop-cap{margin-top:8px}.elementor-widget-text-editor:not(.elementor-drop-cap-view-default) .elementor-drop-cap-letter{width:1em;height:1em}.elementor-widget-text-editor .elementor-drop-cap{float:left;text-align:center;line-height:1;font-size:50px}.elementor-widget-text-editor .elementor-drop-cap-letter{display:inline-block}<\/style>\t\t\t\t<p>\u00a9La Ilusi\u00f3n Perfecta 2024. Todos los derechos reservados.<\/p>\t\t\t\t\t\t<\/div>\n\t\t\t\t<\/div>\n\t\t\t\t\t<\/div>\n\t\t<\/div>\n\t\t\t\t\t<\/div>\n\t\t<\/section>\n\t\t\t\t<\/div>\n\t\t","protected":false},"excerpt":{"rendered":"<p>\u00bfListos para dar vida a vuestro sue\u00f1o? Donde todo empieza Cont\u00e1ctanos Atendemos todas tus dudas info@lailusionperfecta.com +34 608 86 15 91 nuestras redes \u00a9La Ilusi\u00f3n Perfecta 2024. Todos los derechos reservados.<\/p>\n","protected":false},"author":1,"featured_media":0,"parent":0,"menu_order":0,"comment_status":"closed","ping_status":"closed","template":"page-full-width.php","meta":{"footnotes":""},"class_list":["post-2872","page","type-page","status-publish","hentry"],"_links":{"self":[{"href":"http:\/\/lailusionperfecta.com\/index.php\/wp-json\/wp\/v2\/pages\/2872","targetHints":{"allow":["GET"]}}],"collection":[{"href":"http:\/\/lailusionperfecta.com\/index.php\/wp-json\/wp\/v2\/pages"}],"about":[{"href":"http:\/\/lailusionperfecta.com\/index.php\/wp-json\/wp\/v2\/types\/page"}],"author":[{"embeddable":true,"href":"http:\/\/lailusionperfecta.com\/index.php\/wp-json\/wp\/v2\/users\/1"}],"replies":[{"embeddable":true,"href":"http:\/\/lailusionperfecta.com\/index.php\/wp-json\/wp\/v2\/comments?post=2872"}],"version-history":[{"count":37,"href":"http:\/\/lailusionperfecta.com\/index.php\/wp-json\/wp\/v2\/pages\/2872\/revisions"}],"predecessor-version":[{"id":9316,"href":"http:\/\/lailusionperfecta.com\/index.php\/wp-json\/wp\/v2\/pages\/2872\/revisions\/9316"}],"wp:attachment":[{"href":"http:\/\/lailusionperfecta.com\/index.php\/wp-json\/wp\/v2\/media?parent=2872"}],"curies":[{"name":"wp","href":"https:\/\/api.w.org\/{rel}","templated":true}]}}