{"id":2799,"date":"2022-12-05T09:22:51","date_gmt":"2022-12-05T09:22:51","guid":{"rendered":"https:\/\/castella.qodeinteractive.com\/?page_id=2799"},"modified":"2025-05-14T07:11:00","modified_gmt":"2025-05-14T07:11:00","slug":"inspiracion","status":"publish","type":"page","link":"http:\/\/lailusionperfecta.com\/index.php\/inspiracion\/","title":{"rendered":"Inspiraci\u00f3n"},"content":{"rendered":"\t\t<div data-elementor-type=\"wp-page\" data-elementor-id=\"2799\" class=\"elementor elementor-2799\">\n\t\t\t\t\t\t<section class=\"elementor-section elementor-top-section elementor-element elementor-element-9ca1fd5 elementor-section-full_width elementor-section-height-default elementor-section-height-default\" data-id=\"9ca1fd5\" data-element_type=\"section\">\n\t\t\t\t\t\t<div class=\"elementor-container elementor-column-gap-default\">\n\t\t\t\t\t<div class=\"elementor-column elementor-col-100 elementor-top-column elementor-element elementor-element-aa6e4f9\" data-id=\"aa6e4f9\" data-element_type=\"column\">\n\t\t\t<div class=\"elementor-widget-wrap elementor-element-populated\">\n\t\t\t\t\t\t<div class=\"elementor-element elementor-element-c1409be elementor-widget elementor-widget-castella_core_section_title\" data-id=\"c1409be\" data-element_type=\"widget\" data-widget_type=\"castella_core_section_title.default\">\n\t\t\t\t<div class=\"elementor-widget-container\">\n\t\t\t<div class=\"qodef-shortcode qodef-m  qodef-section-title qodef-section-title-347 qodef-alignment--center  qodef--has-appear\">\n\t<div class=\"qodef-m-title-holder\" style=\"align-items: center\">\n\t\t\t<h2 class=\"qodef-m-title\" >\n\t\t\t\t\tMi padre como inspiraci\u00f3n<br \/>\t\t\t<\/h2>\n\t\t\t\t<div class=\"qodef-m-image\" style=\"top: -140px;position: absolute\">\n\t\t\t<img fetchpriority=\"high\" decoding=\"async\" width=\"347\" height=\"177\" src=\"http:\/\/lailusionperfecta.com\/wp-content\/uploads\/2022\/11\/shop-icon.png\" class=\"attachment-full size-full\" alt=\"t\" srcset=\"http:\/\/lailusionperfecta.com\/wp-content\/uploads\/2022\/11\/shop-icon.png 347w, http:\/\/lailusionperfecta.com\/wp-content\/uploads\/2022\/11\/shop-icon-300x153.png 300w\" sizes=\"(max-width: 347px) 100vw, 347px\" \/>\t\t<\/div>\n\t\t\n\n\n\t<\/div>\n\t\t<p class=\"qodef-m-subtitle\" >amor y pasi\u00f3n<\/p>\n\t<\/div>\n\t\t<\/div>\n\t\t\t\t<\/div>\n\t\t\t\t\t<\/div>\n\t\t<\/div>\n\t\t\t\t\t<\/div>\n\t\t<\/section>\n\t\t\t\t<section class=\"elementor-section elementor-top-section elementor-element elementor-element-deb3e60 elementor-section-boxed elementor-section-height-default elementor-section-height-default\" data-id=\"deb3e60\" data-element_type=\"section\">\n\t\t\t\t\t\t<div class=\"elementor-container elementor-column-gap-default\">\n\t\t\t\t\t<div class=\"elementor-column elementor-col-100 elementor-top-column elementor-element elementor-element-f6f78b6\" data-id=\"f6f78b6\" data-element_type=\"column\">\n\t\t\t<div class=\"elementor-widget-wrap elementor-element-populated\">\n\t\t\t\t\t\t<div class=\"elementor-element elementor-element-ce893ef elementor-widget elementor-widget-wp-widget-text\" data-id=\"ce893ef\" data-element_type=\"widget\" data-widget_type=\"wp-widget-text.default\">\n\t\t\t\t<div class=\"elementor-widget-container\">\n\t\t\t\t\t\t<div class=\"textwidget\"><p>Para que pod\u00e1is conectar m\u00e1s conmigo os voy a dejar este trocito de m\u00ed y lo m\u00e1s importante, hablar\u00e9 del gran responsable de este reto y proyecto, mi padre.<\/p>\n<p>Empezar\u00e9 diciendo que tengo un fuerte sentimiento de admiraci\u00f3n por \u00e9l.<\/p>\n<p>Lo considero mi gran referente de vida porque a pesar de las adversidades siempre da todos los d\u00edas lo mejor de \u00e9l.<\/p>\n<p>Siempre ha confiado en m\u00ed, incluso cuando yo menos lo hac\u00eda, me ha dado el impulso y el abrazo indicado en cada momento para crecer y llegar a donde hoy estoy.<\/p>\n<p>Ya hace muchos a\u00f1os me inicio en este mundo como es la hosteler\u00eda y empez\u00f3 a ense\u00f1arme todo lo que sab\u00eda, que dado su grado de experiencia y profesionalidad consigui\u00f3 que pudiera trabajar en eventos de diferente \u00edndole y yo de alguna manera sin que \u00e9l lo supiera empezar\u00e1 amar lo que hac\u00eda, lo observaba como si hubiera un cristal y \u00e9l no supiera que lo estaba mirando.<\/p>\n<p>Mi padre tiene un gran potencial y talento para entender c\u00f3mo es la gente y hacerla sentir bien, \u00bfser\u00e1 su humor, su transparencia o su elegancia a la hora de dirigirse a ellos?<\/p>\n<p>Lo que tengo claro es que transmite lo m\u00e1s importante y que le hace destacar, confianza y seguridad.<\/p>\n<p>Ser Ma\u00eetre le dej\u00f3 tener contacto directo con bodas y en este caso el plato principal los novios, que para la tranquilidad de los mismos era saber que mi padre iba estar en ese d\u00eda tan importante e inolvidable, es ah\u00ed donde estaba y est\u00e1 su papel m\u00e1s importante, cuando se pod\u00eda observar la cara de felicidad tanto de esa pareja, a punto del s\u00ed quiero, como la de mi padre.<\/p>\n<p>Llegaba a casa y nos contaba sus an\u00e9cdotas y vivencias m\u00e1s cercanas, cara al p\u00fablico y cada vez sent\u00eda m\u00e1s de cerca que ese era mi mundo y que quer\u00eda llegar igual de lejos que \u00e9l.<\/p>\n<p>Siempre me ha apoyado en cada una de mis decisiones, pero poder sentarme y contarle todo lo que mi cabeza quer\u00eda proyectar ha sido la apuesta m\u00e1s dif\u00edcil.<\/p>\n<p>Gracias a \u00e9l, tengo m\u00e1s ganas de mostrarle al mundo que esta es mi pasi\u00f3n y solo necesito compartirla con vosotros.<\/p>\n<p>\u00a1Te quiero pap\u00e1!<\/p>\n<\/div>\n\t\t\t\t<\/div>\n\t\t\t\t<\/div>\n\t\t\t\t\t<\/div>\n\t\t<\/div>\n\t\t\t\t\t<\/div>\n\t\t<\/section>\n\t\t\t\t<\/div>\n\t\t","protected":false},"excerpt":{"rendered":"<p>Mi padre como inspiraci\u00f3n amor y pasi\u00f3n<\/p>\n","protected":false},"author":1,"featured_media":0,"parent":0,"menu_order":0,"comment_status":"closed","ping_status":"closed","template":"page-full-width.php","meta":{"footnotes":""},"class_list":["post-2799","page","type-page","status-publish","hentry"],"_links":{"self":[{"href":"http:\/\/lailusionperfecta.com\/index.php\/wp-json\/wp\/v2\/pages\/2799","targetHints":{"allow":["GET"]}}],"collection":[{"href":"http:\/\/lailusionperfecta.com\/index.php\/wp-json\/wp\/v2\/pages"}],"about":[{"href":"http:\/\/lailusionperfecta.com\/index.php\/wp-json\/wp\/v2\/types\/page"}],"author":[{"embeddable":true,"href":"http:\/\/lailusionperfecta.com\/index.php\/wp-json\/wp\/v2\/users\/1"}],"replies":[{"embeddable":true,"href":"http:\/\/lailusionperfecta.com\/index.php\/wp-json\/wp\/v2\/comments?post=2799"}],"version-history":[{"count":17,"href":"http:\/\/lailusionperfecta.com\/index.php\/wp-json\/wp\/v2\/pages\/2799\/revisions"}],"predecessor-version":[{"id":9055,"href":"http:\/\/lailusionperfecta.com\/index.php\/wp-json\/wp\/v2\/pages\/2799\/revisions\/9055"}],"wp:attachment":[{"href":"http:\/\/lailusionperfecta.com\/index.php\/wp-json\/wp\/v2\/media?parent=2799"}],"curies":[{"name":"wp","href":"https:\/\/api.w.org\/{rel}","templated":true}]}}